{"id":182,"date":"2023-10-14T13:42:10","date_gmt":"2023-10-14T13:42:10","guid":{"rendered":"https:\/\/macronox.com.tr\/?post_type=product&#038;p=182"},"modified":"2023-10-20T08:10:39","modified_gmt":"2023-10-20T08:10:39","slug":"centrifugal-pumps","status":"publish","type":"product","link":"https:\/\/macronox.com.tr\/tr\/urun\/centrifugal-pumps\/","title":{"rendered":"SANTR\u0130F\u00dcJ POMPALAR"},"content":{"rendered":"<p>S\u00fct transferlerinde kullan\u0131lan farkl\u0131 kapasitelerde pompalar.<\/p>","protected":false},"excerpt":{"rendered":"<p>S\u00fct transferlerinde kullan\u0131lan farkl\u0131 kapasitelerde pompalar.<\/p>","protected":false},"featured_media":329,"comment_status":"open","ping_status":"closed","template":"","meta":{"_et_pb_use_builder":"","_et_pb_old_content":"","_et_gb_content_width":""},"product_brand":[],"product_cat":[17],"product_tag":[],"class_list":{"0":"post-182","1":"product","2":"type-product","3":"status-publish","4":"has-post-thumbnail","6":"product_cat-products","8":"first","9":"instock","10":"shipping-taxable","11":"product-type-simple"},"_links":{"self":[{"href":"https:\/\/macronox.com.tr\/tr\/wp-json\/wp\/v2\/product\/182","targetHints":{"allow":["GET"]}}],"collection":[{"href":"https:\/\/macronox.com.tr\/tr\/wp-json\/wp\/v2\/product"}],"about":[{"href":"https:\/\/macronox.com.tr\/tr\/wp-json\/wp\/v2\/types\/product"}],"replies":[{"embeddable":true,"href":"https:\/\/macronox.com.tr\/tr\/wp-json\/wp\/v2\/comments?post=182"}],"wp:featuredmedia":[{"embeddable":true,"href":"https:\/\/macronox.com.tr\/tr\/wp-json\/wp\/v2\/media\/329"}],"wp:attachment":[{"href":"https:\/\/macronox.com.tr\/tr\/wp-json\/wp\/v2\/media?parent=182"}],"wp:term":[{"taxonomy":"product_brand","embeddable":true,"href":"https:\/\/macronox.com.tr\/tr\/wp-json\/wp\/v2\/product_brand?post=182"},{"taxonomy":"product_cat","embeddable":true,"href":"https:\/\/macronox.com.tr\/tr\/wp-json\/wp\/v2\/product_cat?post=182"},{"taxonomy":"product_tag","embeddable":true,"href":"https:\/\/macronox.com.tr\/tr\/wp-json\/wp\/v2\/product_tag?post=182"}],"curies":[{"name":"wp","href":"https:\/\/api.w.org\/{rel}","templated":true}]}}