{"id":180,"date":"2023-10-14T13:38:47","date_gmt":"2023-10-14T13:38:47","guid":{"rendered":"https:\/\/macronox.com.tr\/?post_type=product&#038;p=180"},"modified":"2023-10-23T09:09:03","modified_gmt":"2023-10-23T09:09:03","slug":"cheese-processing-machines","status":"publish","type":"product","link":"https:\/\/macronox.com.tr\/tr\/urun\/cheese-processing-machines\/","title":{"rendered":"PEYN\u0130R \u0130\u015eLEME MAK\u0130NALARI"},"content":{"rendered":"<p>Ka\u015far, mozarella, sluguni, imeruli ve di\u011fer peynirler i\u00e7in 300 lt kapasiteden ba\u015flayarak 10.000 lt kapasiteye kadar peynir proses tanklar\u0131 , teleme s\u00fczme tamburu, peynir tekneleri<\/p>","protected":false},"excerpt":{"rendered":"<p>Ka\u015far, mozarella, sluguni, imeruli ve di\u011fer peynirler i\u00e7in 300 lt kapasiteden ba\u015flayarak 10.000 lt kapasiteye kadar peynir proses tanklar\u0131 , teleme s\u00fczme tamburu, peynir tekneleri<\/p>","protected":false},"featured_media":325,"comment_status":"open","ping_status":"closed","template":"","meta":{"_et_pb_use_builder":"","_et_pb_old_content":"","_et_gb_content_width":""},"product_brand":[],"product_cat":[17],"product_tag":[],"class_list":{"0":"post-180","1":"product","2":"type-product","3":"status-publish","4":"has-post-thumbnail","6":"product_cat-products","8":"first","9":"instock","10":"featured","11":"shipping-taxable","12":"product-type-simple"},"_links":{"self":[{"href":"https:\/\/macronox.com.tr\/tr\/wp-json\/wp\/v2\/product\/180","targetHints":{"allow":["GET"]}}],"collection":[{"href":"https:\/\/macronox.com.tr\/tr\/wp-json\/wp\/v2\/product"}],"about":[{"href":"https:\/\/macronox.com.tr\/tr\/wp-json\/wp\/v2\/types\/product"}],"replies":[{"embeddable":true,"href":"https:\/\/macronox.com.tr\/tr\/wp-json\/wp\/v2\/comments?post=180"}],"wp:featuredmedia":[{"embeddable":true,"href":"https:\/\/macronox.com.tr\/tr\/wp-json\/wp\/v2\/media\/325"}],"wp:attachment":[{"href":"https:\/\/macronox.com.tr\/tr\/wp-json\/wp\/v2\/media?parent=180"}],"wp:term":[{"taxonomy":"product_brand","embeddable":true,"href":"https:\/\/macronox.com.tr\/tr\/wp-json\/wp\/v2\/product_brand?post=180"},{"taxonomy":"product_cat","embeddable":true,"href":"https:\/\/macronox.com.tr\/tr\/wp-json\/wp\/v2\/product_cat?post=180"},{"taxonomy":"product_tag","embeddable":true,"href":"https:\/\/macronox.com.tr\/tr\/wp-json\/wp\/v2\/product_tag?post=180"}],"curies":[{"name":"wp","href":"https:\/\/api.w.org\/{rel}","templated":true}]}}