{"id":25,"date":"2023-10-13T14:45:21","date_gmt":"2023-10-13T14:45:21","guid":{"rendered":"https:\/\/macronox.com.tr\/?page_id=25"},"modified":"2024-07-09T14:48:35","modified_gmt":"2024-07-09T14:48:35","slug":"home","status":"publish","type":"page","link":"https:\/\/macronox.com.tr\/tr\/","title":{"rendered":"Ana Sayfa"},"content":{"rendered":"<p>[et_pb_section fb_built=&#8221;1&#8243; _builder_version=&#8221;4.22.2&#8243; _module_preset=&#8221;default&#8221; custom_margin=&#8221;0px||0px||false|false&#8221; custom_padding=&#8221;0px||0px||false|false&#8221; bottom_divider_style=&#8221;arrow2&#8243; bottom_divider_color=&#8221;#FFFFFF&#8221; bottom_divider_repeat=&#8221;1x&#8221; bottom_divider_arrangement=&#8221;above_content&#8221; global_colors_info=&#8221;{}&#8221;][et_pb_row admin_label=&#8221;Sat\u0131r&#8221; _builder_version=&#8221;4.22.2&#8243; _module_preset=&#8221;default&#8221; custom_margin=&#8221;0px||0px||false|false&#8221; custom_padding=&#8221;0px||0px||false|false&#8221; global_colors_info=&#8221;{}&#8221;][et_pb_column type=&#8221;4_4&#8243; _builder_version=&#8221;4.22.2&#8243; _module_preset=&#8221;default&#8221; global_colors_info=&#8221;{}&#8221;][et_pb_nextend_smart_slider_3 slider=&#8221;2&#8243; _builder_version=&#8221;4.22.2&#8243; _module_preset=&#8221;default&#8221; global_colors_info=&#8221;{}&#8221;][\/et_pb_nextend_smart_slider_3][\/et_pb_column][\/et_pb_row][et_pb_row custom_padding_last_edited=&#8221;on|phone&#8221; _builder_version=&#8221;4.22.2&#8243; _module_preset=&#8221;default&#8221; positioning=&#8221;absolute&#8221; position_origin_a=&#8221;bottom_center&#8221; vertical_offset=&#8221;-227px&#8221; z_index=&#8221;55&#8243; custom_margin=&#8221;||||false|false&#8221; custom_margin_tablet=&#8221;||||false|false&#8221; custom_margin_phone=&#8221;||||false|false&#8221; custom_margin_last_edited=&#8221;on|phone&#8221; custom_padding=&#8221;||||false|false&#8221; custom_padding_tablet=&#8221;||||false|false&#8221; custom_padding_phone=&#8221;||112px||false|false&#8221; global_colors_info=&#8221;{}&#8221;][et_pb_column type=&#8221;4_4&#8243; _builder_version=&#8221;4.22.2&#8243; _module_preset=&#8221;default&#8221; global_colors_info=&#8221;{}&#8221;][et_pb_nextend_smart_slider_3 slider=&#8221;3&#8243; _builder_version=&#8221;4.22.2&#8243; _module_preset=&#8221;default&#8221; global_colors_info=&#8221;{}&#8221;][\/et_pb_nextend_smart_slider_3][\/et_pb_column][\/et_pb_row][\/et_pb_section][et_pb_section fb_built=&#8221;1&#8243; _builder_version=&#8221;4.22.2&#8243; _module_preset=&#8221;default&#8221; background_color=&#8221;#FFFFFF&#8221; background_enable_image=&#8221;off&#8221; custom_margin=&#8221;||||false|false&#8221; custom_padding=&#8221;||||false|false&#8221; global_colors_info=&#8221;{}&#8221;][et_pb_row custom_padding_last_edited=&#8221;on|phone&#8221; _builder_version=&#8221;4.22.2&#8243; _module_preset=&#8221;default&#8221; custom_padding=&#8221;184px||||false|false&#8221; custom_padding_tablet=&#8221;184px||||false|false&#8221; custom_padding_phone=&#8221;92px||||false|false&#8221; global_colors_info=&#8221;{}&#8221;][et_pb_column type=&#8221;4_4&#8243; _builder_version=&#8221;4.22.2&#8243; _module_preset=&#8221;default&#8221; global_colors_info=&#8221;{}&#8221;][et_pb_image src=&#8221;https:\/\/macronox.com.tr\/wp-content\/uploads\/2024\/07\/MACRONOX-PDF.webp&#8221; title_text=&#8221;MACRONOX PDF&#8221; align=&#8221;center&#8221; _builder_version=&#8221;4.22.2&#8243; _module_preset=&#8221;default&#8221; hover_enabled=&#8221;0&#8243; global_colors_info=&#8221;{}&#8221; sticky_enabled=&#8221;0&#8243;][\/et_pb_image][et_pb_text _builder_version=&#8221;4.22.2&#8243; _module_preset=&#8221;default&#8221; text_text_color=&#8221;#000000&#8243; text_font_size=&#8221;19px&#8221; text_line_height=&#8221;28.1px&#8221; text_orientation=&#8221;center&#8221; text_font_size_tablet=&#8221;19px&#8221; text_font_size_phone=&#8221;14px&#8221; text_font_size_last_edited=&#8221;on|phone&#8221; global_colors_info=&#8221;{}&#8221;]<\/p>\n<p>Our company, with its 20 years of deep-rooted experience, is a pioneer in the food processing industry, specializing in milk and dairy products. Our company, which considers customer satisfaction as a priority, provides turnkey facilities for the production of products such as pasteurized milk processing equipment, cheese production equipment, yoghurt, ayran and kefir, as well as services such as cold stores, incubation rooms and ventilation systems necessary to create the infrastructure of milk processing facilities. offers. Thanks to its extensive knowledge in the sector and customer-oriented approach, our company continues its commitment to providing high quality products and services to its customers.<\/p>\n<p>[\/et_pb_text][et_pb_button button_url=&#8221;@ET-DC@eyJkeW5hbWljIjp0cnVlLCJjb250ZW50IjoicG9zdF9saW5rX3VybF9wYWdlIiwic2V0dGluZ3MiOnsicG9zdF9pZCI6IjIzMSJ9fQ==@&#8221; button_text=&#8221;ABOUT US&#8221; button_alignment=&#8221;center&#8221; _builder_version=&#8221;4.22.2&#8243; _dynamic_attributes=&#8221;button_url&#8221; _module_preset=&#8221;default&#8221; custom_button=&#8221;on&#8221; button_bg_color=&#8221;#0C71C3&#8243; button_border_width=&#8221;0px&#8221; button_border_radius=&#8221;82px&#8221; background_layout=&#8221;dark&#8221; custom_padding=&#8221;|30px||30px|false|false&#8221; button_text_shadow_style=&#8221;preset1&#8243; global_colors_info=&#8221;{}&#8221;][\/et_pb_button][\/et_pb_column][\/et_pb_row][\/et_pb_section][et_pb_section fb_built=&#8221;1&#8243; _builder_version=&#8221;4.22.2&#8243; _module_preset=&#8221;default&#8221; background_color=&#8221;gcid-aea6eff5-f3cb-40af-8844-d083040a3f02&#8243; global_colors_info=&#8221;{%22gcid-aea6eff5-f3cb-40af-8844-d083040a3f02%22:%91%22background_color%22%93}&#8221;][et_pb_row column_structure=&#8221;1_2,1_2&#8243; _builder_version=&#8221;4.22.2&#8243; _module_preset=&#8221;default&#8221; global_colors_info=&#8221;{}&#8221;][et_pb_column type=&#8221;1_2&#8243; _builder_version=&#8221;4.22.2&#8243; _module_preset=&#8221;default&#8221; background_enable_image=&#8221;off&#8221; global_colors_info=&#8221;{}&#8221;][et_pb_image src=&#8221;https:\/\/macronox.com.tr\/wp-content\/uploads\/2024\/07\/anahtar-teslim-bg.webp&#8221; title_text=&#8221;anahtar-teslim-bg&#8221; _builder_version=&#8221;4.22.2&#8243; _module_preset=&#8221;default&#8221; hover_enabled=&#8221;0&#8243; global_colors_info=&#8221;{}&#8221; sticky_enabled=&#8221;0&#8243;][\/et_pb_image][\/et_pb_column][et_pb_column type=&#8221;1_2&#8243; _builder_version=&#8221;4.22.2&#8243; _module_preset=&#8221;default&#8221; global_colors_info=&#8221;{}&#8221;][et_pb_text _builder_version=&#8221;4.22.2&#8243; _module_preset=&#8221;default&#8221; header_font=&#8221;Barlow Condensed|800|||||||&#8221; header_text_color=&#8221;gcid-ae919803-aaad-4432-8f99-eb585b52c794&#8243; header_font_size=&#8221;74px&#8221; hover_enabled=&#8221;0&#8243; global_colors_info=&#8221;{%22gcid-ae919803-aaad-4432-8f99-eb585b52c794%22:%91%22header_text_color%22%93}&#8221; sticky_enabled=&#8221;0&#8243;]<\/p>\n<h1>ANAHTAR TESL\u0130M PROJELER<\/h1>\n<p><span data-sheets-value=\"{&quot;1&quot;:2,&quot;2&quot;:&quot;With our turnkey projects, we design and build customized facilities according to milk processing capacity. As Lactotech, we offer the best service to our customers by focusing on quality and innovation in the milk processing industry. We keep customer satisfaction and productivity of businesses at the forefront.&quot;}\" data-sheets-userformat=\"{&quot;2&quot;:256,&quot;11&quot;:4}\" data-sheets-formula=\"=GOOGLETRANSLATE(R[0]C[-1];&quot;tr&quot;;&quot;en&quot;)\">With our turnkey projects, we design and build customized facilities according to milk processing capacity. As Macronox, we offer the best service to our customers by focusing on quality and innovation in the milk processing industry. We keep customer satisfaction and productivity of businesses at the forefront.<\/span><\/p>\n<p>[\/et_pb_text][et_pb_button button_text=&#8221;Discovery Products&#8221; _builder_version=&#8221;4.22.2&#8243; _module_preset=&#8221;default&#8221; custom_button=&#8221;on&#8221; button_text_color=&#8221;gcid-ae919803-aaad-4432-8f99-eb585b52c794&#8243; button_border_width=&#8221;1px&#8221; button_border_radius=&#8221;100px&#8221; global_colors_info=&#8221;{%22gcid-ae919803-aaad-4432-8f99-eb585b52c794%22:%91%22button_text_color%22%93}&#8221;][\/et_pb_button][\/et_pb_column][\/et_pb_row][\/et_pb_section][et_pb_section fb_built=&#8221;1&#8243; _builder_version=&#8221;4.22.2&#8243; _module_preset=&#8221;default&#8221; background_image=&#8221;https:\/\/macronox.com.tr\/wp-content\/uploads\/2023\/10\/yazi-bg.webp&#8221; parallax=&#8221;on&#8221; parallax_method=&#8221;off&#8221; global_colors_info=&#8221;{}&#8221;][et_pb_row _builder_version=&#8221;4.22.2&#8243; _module_preset=&#8221;default&#8221; global_colors_info=&#8221;{}&#8221;][et_pb_column type=&#8221;4_4&#8243; _builder_version=&#8221;4.22.2&#8243; _module_preset=&#8221;default&#8221; custom_css_main_element=&#8221;||\talign-items: center;||\tjustify-content: center;&#8221; global_colors_info=&#8221;{}&#8221;][et_pb_text module_class=&#8221;content &#8221; _builder_version=&#8221;4.22.2&#8243; _module_preset=&#8221;default&#8221; header_6_font=&#8221;Poppins|900|||||||&#8221; header_6_text_align=&#8221;center&#8221; header_6_font_size=&#8221;55px&#8221; global_colors_info=&#8221;{}&#8221;]<\/p>\n<h6 style=\"text-align: center;\"><span>Lactotech: S\u00fct\u00fcn Tatl\u0131 D\u00f6n\u00fc\u015f\u00fcm\u00fc<\/span><\/h6>\n<h6 style=\"text-align: center;\"><span>Lactotech: S\u00fct\u00fcn Tatl\u0131 D\u00f6n\u00fc\u015f\u00fcm\u00fc<\/span><\/h6>\n<p>[\/et_pb_text][et_pb_text _builder_version=&#8221;4.22.2&#8243; _module_preset=&#8221;default&#8221; text_font=&#8221;Poppins||||||||&#8221; text_font_size=&#8221;33px&#8221; text_line_height=&#8221;44px&#8221; custom_padding=&#8221;21px||||false|false&#8221; custom_padding_tablet=&#8221;21px||||false|false&#8221; custom_padding_phone=&#8221;146px||||false|false&#8221; custom_padding_last_edited=&#8221;on|phone&#8221; global_colors_info=&#8221;{}&#8221;]<\/p>\n<p style=\"text-align: center;\" class=\"translation-block\">Past\u00f6rize S\u00fct \u2022 Peynir \u00c7e\u015fitleri \u2022 Smetana \u2022 Matsoni \u2022 Yo\u011furt \u2022 Ayran\u2022 Kefir \u2022 Tereya\u011f \u2022 <span style=\"color: #0c71c3\"><strong>ve Daha Fazlas\u0131<\/strong><\/span><\/p>\n<p>[\/et_pb_text][et_pb_cta title=&#8221;Contact us&#8221; button_url=&#8221;@ET-DC@eyJkeW5hbWljIjp0cnVlLCJjb250ZW50IjoicG9zdF9saW5rX3VybF9wYWdlIiwic2V0dGluZ3MiOnsicG9zdF9pZCI6IjIzNyJ9fQ==@&#8221; button_text=&#8221;Contact&#8221; _builder_version=&#8221;4.22.2&#8243; _dynamic_attributes=&#8221;button_url&#8221; _module_preset=&#8221;default&#8221; header_text_color=&#8221;gcid-ae919803-aaad-4432-8f99-eb585b52c794&#8243; body_font=&#8221;Poppins|800|||||||&#8221; body_text_color=&#8221;gcid-ae919803-aaad-4432-8f99-eb585b52c794&#8243; body_font_size=&#8221;34px&#8221; background_color=&#8221;gcid-aea6eff5-f3cb-40af-8844-d083040a3f02&#8243; background_image=&#8221;https:\/\/macronox.com.tr\/wp-content\/uploads\/2023\/10\/iletisim-bg2.webp&#8221; background_position=&#8221;bottom_center&#8221; custom_button=&#8221;on&#8221; button_text_color=&#8221;gcid-87ec9290-812c-4c65-8d05-609929451075&#8243; button_border_radius=&#8221;59px&#8221; custom_margin=&#8221;0px||0px||false|false&#8221; custom_padding=&#8221;||||false|false&#8221; body_font_size_tablet=&#8221;34px&#8221; body_font_size_phone=&#8221;23px&#8221; body_font_size_last_edited=&#8221;on|phone&#8221; border_radii=&#8221;on|450px|450px|450px|450px&#8221; border_radii_tablet=&#8221;on|450px|450px|450px|450px&#8221; border_radii_phone=&#8221;on|90px|90px|90px|90px&#8221; border_radii_last_edited=&#8221;on|phone&#8221; global_colors_info=&#8221;{%22gcid-aea6eff5-f3cb-40af-8844-d083040a3f02%22:%91%22background_color%22%93,%22gcid-ae919803-aaad-4432-8f99-eb585b52c794%22:%91%22header_text_color%22,%22body_text_color%22%93,%22gcid-87ec9290-812c-4c65-8d05-609929451075%22:%91%22button_text_color%22%93}&#8221;]<\/p>\n<h1><span style=\"color: #000000;\"><strong>+90 532 727 73 00<\/strong><\/span><\/h1>\n<h3><span style=\"color: #3a3a3a;\">export@macronox.com.tr<\/span><\/h3>\n<p>[\/et_pb_cta][et_pb_code _builder_version=&#8221;4.22.2&#8243; _module_preset=&#8221;default&#8221; global_colors_info=&#8221;{}&#8221;]<\/p>\n<style><!-- [et_pb_line_break_holder] --><!-- [et_pb_line_break_holder] -->.content {<!-- [et_pb_line_break_holder] -->\tposition: relative;<!-- [et_pb_line_break_holder] -->}<!-- [et_pb_line_break_holder] --><!-- [et_pb_line_break_holder] -->.content h6 {<!-- [et_pb_line_break_holder] -->\tcolor: #fff;<!-- [et_pb_line_break_holder] -->\tposition: absolute;<!-- [et_pb_line_break_holder] --><!-- [et_pb_line_break_holder] -->}<!-- [et_pb_line_break_holder] --><!-- [et_pb_line_break_holder] -->.content h6:nth-child(1) {<!-- [et_pb_line_break_holder] -->\tcolor: transparent;<!-- [et_pb_line_break_holder] -->\t-webkit-text-stroke: 1px #8338ec;<!-- [et_pb_line_break_holder] -->}<!-- [et_pb_line_break_holder] --><!-- [et_pb_line_break_holder] -->.content h6:nth-child(2) {<!-- [et_pb_line_break_holder] -->\tcolor: #c19bf5;<!-- [et_pb_line_break_holder] -->\tanimation: animate 4s ease-in-out infinite;<!-- [et_pb_line_break_holder] -->}<!-- [et_pb_line_break_holder] --><!-- [et_pb_line_break_holder] -->@keyframes animate {<!-- [et_pb_line_break_holder] -->\t0%,<!-- [et_pb_line_break_holder] -->\t100% {<!-- [et_pb_line_break_holder] -->\t\tclip-path: polygon(<!-- [et_pb_line_break_holder] -->\t\t\t0% 45%,<!-- [et_pb_line_break_holder] -->\t\t\t16% 44%,<!-- [et_pb_line_break_holder] -->\t\t\t33% 50%,<!-- [et_pb_line_break_holder] -->\t\t\t54% 60%,<!-- [et_pb_line_break_holder] -->\t\t\t70% 61%,<!-- [et_pb_line_break_holder] -->\t\t\t84% 59%,<!-- [et_pb_line_break_holder] -->\t\t\t100% 52%,<!-- [et_pb_line_break_holder] -->\t\t\t100% 100%,<!-- [et_pb_line_break_holder] -->\t\t\t0% 100%<!-- [et_pb_line_break_holder] -->\t\t);<!-- [et_pb_line_break_holder] -->\t}<!-- [et_pb_line_break_holder] --><!-- [et_pb_line_break_holder] -->\t50% {<!-- [et_pb_line_break_holder] -->\t\tclip-path: polygon(<!-- [et_pb_line_break_holder] -->\t\t\t0% 60%,<!-- [et_pb_line_break_holder] -->\t\t\t15% 65%,<!-- [et_pb_line_break_holder] -->\t\t\t34% 66%,<!-- [et_pb_line_break_holder] -->\t\t\t51% 62%,<!-- [et_pb_line_break_holder] -->\t\t\t67% 50%,<!-- [et_pb_line_break_holder] -->\t\t\t84% 45%,<!-- [et_pb_line_break_holder] -->\t\t\t100% 46%,<!-- [et_pb_line_break_holder] -->\t\t\t100% 100%,<!-- [et_pb_line_break_holder] -->\t\t\t0% 100%<!-- [et_pb_line_break_holder] -->\t\t);<!-- [et_pb_line_break_holder] -->\t}<!-- [et_pb_line_break_holder] -->}<!-- [et_pb_line_break_holder] -->  <\/style>\n<p><!-- [et_pb_line_break_holder] -->[\/et_pb_code][\/et_pb_column][\/et_pb_row][\/et_pb_section]<\/p>","protected":false},"excerpt":{"rendered":"<p>Our company, with its 20 years of deep-rooted experience, is a pioneer in the food processing industry, specializing in milk and dairy products. Our company, which considers customer satisfaction as a priority, provides turnkey facilities for the production of products such as pasteurized milk processing equipment, cheese production equipment, yoghurt, ayran and kefir, as well [&hellip;]<\/p>","protected":false},"author":1,"featured_media":0,"parent":0,"menu_order":0,"comment_status":"closed","ping_status":"closed","template":"","meta":{"_et_pb_use_builder":"on","_et_pb_old_content":"","_et_gb_content_width":"","footnotes":""},"class_list":["post-25","page","type-page","status-publish","hentry"],"_links":{"self":[{"href":"https:\/\/macronox.com.tr\/tr\/wp-json\/wp\/v2\/pages\/25","targetHints":{"allow":["GET"]}}],"collection":[{"href":"https:\/\/macronox.com.tr\/tr\/wp-json\/wp\/v2\/pages"}],"about":[{"href":"https:\/\/macronox.com.tr\/tr\/wp-json\/wp\/v2\/types\/page"}],"author":[{"embeddable":true,"href":"https:\/\/macronox.com.tr\/tr\/wp-json\/wp\/v2\/users\/1"}],"replies":[{"embeddable":true,"href":"https:\/\/macronox.com.tr\/tr\/wp-json\/wp\/v2\/comments?post=25"}],"version-history":[{"count":29,"href":"https:\/\/macronox.com.tr\/tr\/wp-json\/wp\/v2\/pages\/25\/revisions"}],"predecessor-version":[{"id":375,"href":"https:\/\/macronox.com.tr\/tr\/wp-json\/wp\/v2\/pages\/25\/revisions\/375"}],"wp:attachment":[{"href":"https:\/\/macronox.com.tr\/tr\/wp-json\/wp\/v2\/media?parent=25"}],"curies":[{"name":"wp","href":"https:\/\/api.w.org\/{rel}","templated":true}]}}